{"id":988145,"date":"2024-02-06T19:15:46","date_gmt":"2024-02-06T18:15:46","guid":{"rendered":"http:\/\/globtalents.com\/?page_id=988145"},"modified":"2025-10-08T18:01:00","modified_gmt":"2025-10-08T16:01:00","slug":"andreina-veliz","status":"publish","type":"page","link":"https:\/\/globtalents.com\/es\/talent\/andreina-veliz\/","title":{"rendered":"Andreina Veliz"},"content":{"rendered":"<div data-elementor-type=\"wp-page\" data-elementor-id=\"988145\" class=\"elementor elementor-988145\" data-elementor-post-type=\"page\">\n\t\t\t\t<div class=\"elementor-element elementor-element-57503a2c e-flex e-con-boxed e-con e-parent\" data-id=\"57503a2c\" data-element_type=\"container\">\n\t\t\t\t\t<div class=\"e-con-inner\">\n\t\t<div class=\"elementor-element elementor-element-19c19211 e-con-full e-flex e-con e-child\" data-id=\"19c19211\" data-element_type=\"container\">\n\t\t\t\t<div class=\"vamtam-has-theme-widget-styles elementor-element elementor-element-efde68a elementor-widget elementor-widget-heading\" data-id=\"efde68a\" data-element_type=\"widget\" data-widget_type=\"heading.default\">\n\t\t\t\t<div class=\"elementor-widget-container\">\n\t\t\t<style>\/*! elementor - v3.22.0 - 26-06-2024 *\/\n.elementor-heading-title{padding:0;margin:0;line-height:1}.elementor-widget-heading .elementor-heading-title[class*=elementor-size-]>a{color:inherit;font-size:inherit;line-height:inherit}.elementor-widget-heading .elementor-heading-title.elementor-size-small{font-size:15px}.elementor-widget-heading .elementor-heading-title.elementor-size-medium{font-size:19px}.elementor-widget-heading .elementor-heading-title.elementor-size-large{font-size:29px}.elementor-widget-heading .elementor-heading-title.elementor-size-xl{font-size:39px}.elementor-widget-heading .elementor-heading-title.elementor-size-xxl{font-size:59px}<\/style><h1 class=\"elementor-heading-title elementor-size-default\">Andreina Veliz<\/h1>\t\t<\/div>\n\t\t\t\t<\/div>\n\t\t\t\t<div class=\"vamtam-has-theme-widget-styles elementor-element elementor-element-5939fe1 elementor-widget elementor-widget-heading\" data-id=\"5939fe1\" data-element_type=\"widget\" data-widget_type=\"heading.default\">\n\t\t\t\t<div class=\"elementor-widget-container\">\n\t\t\t<h4 class=\"elementor-heading-title elementor-size-default\">Periodista, presentadora de televisi\u00f3n y creadora de contenidos<\/h4>\t\t<\/div>\n\t\t\t\t<\/div>\n\t\t\t\t<div class=\"elementor-element elementor-element-fce7a4e elementor-hidden-mobile elementor-widget elementor-widget-spacer\" data-id=\"fce7a4e\" data-element_type=\"widget\" data-widget_type=\"spacer.default\">\n\t\t\t\t<div class=\"elementor-widget-container\">\n\t\t\t<style>\/*! elementor - v3.22.0 - 26-06-2024 *\/\n.elementor-column .elementor-spacer-inner{height:var(--spacer-size)}.e-con{--container-widget-width:100%}.e-con-inner>.elementor-widget-spacer,.e-con>.elementor-widget-spacer{width:var(--container-widget-width,var(--spacer-size));--align-self:var(--container-widget-align-self,initial);--flex-shrink:0}.e-con-inner>.elementor-widget-spacer>.elementor-widget-container,.e-con>.elementor-widget-spacer>.elementor-widget-container{height:100%;width:100%}.e-con-inner>.elementor-widget-spacer>.elementor-widget-container>.elementor-spacer,.e-con>.elementor-widget-spacer>.elementor-widget-container>.elementor-spacer{height:100%}.e-con-inner>.elementor-widget-spacer>.elementor-widget-container>.elementor-spacer>.elementor-spacer-inner,.e-con>.elementor-widget-spacer>.elementor-widget-container>.elementor-spacer>.elementor-spacer-inner{height:var(--container-widget-height,var(--spacer-size))}.e-con-inner>.elementor-widget-spacer.elementor-widget-empty,.e-con>.elementor-widget-spacer.elementor-widget-empty{position:relative;min-height:22px;min-width:22px}.e-con-inner>.elementor-widget-spacer.elementor-widget-empty .elementor-widget-empty-icon,.e-con>.elementor-widget-spacer.elementor-widget-empty .elementor-widget-empty-icon{position:absolute;top:0;bottom:0;left:0;right:0;margin:auto;padding:0;width:22px;height:22px}<\/style>\t\t<div class=\"elementor-spacer\">\n\t\t\t<div class=\"elementor-spacer-inner\"><\/div>\n\t\t<\/div>\n\t\t\t\t<\/div>\n\t\t\t\t<\/div>\n\t\t\t\t<div class=\"vamtam-has-theme-widget-styles elementor-element elementor-element-4cd0c08 elementor-widget elementor-widget-heading\" data-id=\"4cd0c08\" data-element_type=\"widget\" data-widget_type=\"heading.default\">\n\t\t\t\t<div class=\"elementor-widget-container\">\n\t\t\t<h6 class=\"elementor-heading-title elementor-size-default\">Bio<\/h6>\t\t<\/div>\n\t\t\t\t<\/div>\n\t\t\t\t<div class=\"elementor-element elementor-element-505c03ea elementor-widget elementor-widget-text-editor\" data-id=\"505c03ea\" data-element_type=\"widget\" data-widget_type=\"text-editor.default\">\n\t\t\t\t<div class=\"elementor-widget-container\">\n\t\t\t<style>\/*! elementor - v3.22.0 - 26-06-2024 *\/\n.elementor-widget-text-editor.elementor-drop-cap-view-stacked .elementor-drop-cap{background-color:#69727d;color:#fff}.elementor-widget-text-editor.elementor-drop-cap-view-framed .elementor-drop-cap{color:#69727d;border:3px solid;background-color:transparent}.elementor-widget-text-editor:not(.elementor-drop-cap-view-default) .elementor-drop-cap{margin-top:8px}.elementor-widget-text-editor:not(.elementor-drop-cap-view-default) .elementor-drop-cap-letter{width:1em;height:1em}.elementor-widget-text-editor .elementor-drop-cap{float:left;text-align:center;line-height:1;font-size:50px}.elementor-widget-text-editor .elementor-drop-cap-letter{display:inline-block}<\/style>\t\t\t\t<p data-start=\"300\" data-end=\"668\">Apasionada por contar historias que inspiran, <strong data-start=\"346\" data-end=\"364\">Andreina Veliz<\/strong> ha construido su carrera uniendo el periodismo con su amor por los viajes, el bienestar y el entretenimiento. Con una s\u00f3lida formaci\u00f3n en comunicaci\u00f3n y a\u00f1os de experiencia frente a las c\u00e1maras, Andreina se ha consolidado como una voz fresca y cercana que conecta con el p\u00fablico desde la autenticidad.<\/p><p data-start=\"670\" data-end=\"987\">Su estilo combina profesionalismo con una mirada optimista del mundo, compartiendo experiencias, destinos y tendencias que invitan a disfrutar la vida con prop\u00f3sito. Desde entrevistas y reportajes hasta contenidos lifestyle, su trabajo refleja una pasi\u00f3n genuina por comunicar y descubrir lo mejor de cada historia.<\/p>\t\t\t\t\t\t<\/div>\n\t\t\t\t<\/div>\n\t\t\t\t<\/div>\n\t\t<div class=\"elementor-element elementor-element-73cc75e1 e-con-full e-flex e-con e-child\" data-id=\"73cc75e1\" data-element_type=\"container\">\n\t\t\t\t<div class=\"elementor-element elementor-element-4509cb88 elementor-widget elementor-widget-image\" data-id=\"4509cb88\" data-element_type=\"widget\" data-widget_type=\"image.default\">\n\t\t\t\t<div class=\"elementor-widget-container\">\n\t\t\t<style>\/*! elementor - v3.22.0 - 26-06-2024 *\/\n.elementor-widget-image{text-align:center}.elementor-widget-image a{display:inline-block}.elementor-widget-image a img[src$=\".svg\"]{width:48px}.elementor-widget-image img{vertical-align:middle;display:inline-block}<\/style>\t\t\t\t\t\t\t\t\t\t<img fetchpriority=\"high\" decoding=\"async\" width=\"1024\" height=\"1024\" src=\"https:\/\/globtalents.com\/wp-content\/uploads\/2025\/10\/ANDREINA-1024x1024.jpg\" class=\"attachment-large size-large wp-image-988171\" alt=\"\" srcset=\"https:\/\/globtalents.com\/wp-content\/uploads\/2025\/10\/ANDREINA-1024x1024.jpg 1024w, https:\/\/globtalents.com\/wp-content\/uploads\/2025\/10\/ANDREINA-300x300.jpg 300w, https:\/\/globtalents.com\/wp-content\/uploads\/2025\/10\/ANDREINA-150x150.jpg 150w, https:\/\/globtalents.com\/wp-content\/uploads\/2025\/10\/ANDREINA-768x768.jpg 768w, https:\/\/globtalents.com\/wp-content\/uploads\/2025\/10\/ANDREINA-12x12.jpg 12w, https:\/\/globtalents.com\/wp-content\/uploads\/2025\/10\/ANDREINA.jpg 1080w\" sizes=\"(max-width: 1024px) 100vw, 1024px\" \/>\t\t\t\t\t\t\t\t\t\t\t\t\t<\/div>\n\t\t\t\t<\/div>\n\t\t\t\t<\/div>\n\t\t\t\t\t<\/div>\n\t\t\t\t<\/div>\n\t\t<div class=\"elementor-element elementor-element-3d9fc34d e-flex e-con-boxed e-con e-parent\" data-id=\"3d9fc34d\" data-element_type=\"container\">\n\t\t\t\t\t<div class=\"e-con-inner\">\n\t\t\t\t<div class=\"vamtam-has-theme-widget-styles elementor-element elementor-element-2927d046 elementor-widget elementor-widget-heading\" data-id=\"2927d046\" data-element_type=\"widget\" data-widget_type=\"heading.default\">\n\t\t\t\t<div class=\"elementor-widget-container\">\n\t\t\t<h6 class=\"elementor-heading-title elementor-size-default\">Redes sociales<\/h6>\t\t<\/div>\n\t\t\t\t<\/div>\n\t\t\t\t\t<\/div>\n\t\t\t\t<\/div>\n\t\t<div class=\"elementor-element elementor-element-166c5fb6 e-flex e-con-boxed e-con e-parent\" data-id=\"166c5fb6\" data-element_type=\"container\">\n\t\t\t\t\t<div class=\"e-con-inner\">\n\t\t<div class=\"elementor-element elementor-element-79308f69 e-con-full e-flex e-con e-child\" data-id=\"79308f69\" data-element_type=\"container\">\n\t\t\t\t<div class=\"vamtam-has-theme-widget-styles elementor-element elementor-element-3aa4abea elementor-widget elementor-widget-heading\" data-id=\"3aa4abea\" data-element_type=\"widget\" data-widget_type=\"heading.default\">\n\t\t\t\t<div class=\"elementor-widget-container\">\n\t\t\t<div class=\"elementor-heading-title elementor-size-default\">Instagram<\/div>\t\t<\/div>\n\t\t\t\t<\/div>\n\t\t\t\t<\/div>\n\t\t<div class=\"elementor-element elementor-element-338d886a e-con-full e-flex e-con e-child\" data-id=\"338d886a\" data-element_type=\"container\">\n\t\t\t\t<div class=\"vamtam-has-theme-widget-styles elementor-element elementor-element-64e5bcfe elementor-widget elementor-widget-heading\" data-id=\"64e5bcfe\" data-element_type=\"widget\" data-widget_type=\"heading.default\">\n\t\t\t\t<div class=\"elementor-widget-container\">\n\t\t\t<h4 class=\"elementor-heading-title elementor-size-default\">110.000 seguidores<\/h4>\t\t<\/div>\n\t\t\t\t<\/div>\n\t\t\t\t<\/div>\n\t\t<div class=\"elementor-element elementor-element-6c5d1760 e-con-full e-flex e-con e-child\" data-id=\"6c5d1760\" data-element_type=\"container\">\n\t\t\t\t<div class=\"vamtam-has-theme-widget-styles elementor-element elementor-element-31a08ef1 elementor-widget elementor-widget-heading\" data-id=\"31a08ef1\" data-element_type=\"widget\" data-widget_type=\"heading.default\">\n\t\t\t\t<div class=\"elementor-widget-container\">\n\t\t\t<div class=\"elementor-heading-title elementor-size-default\"><a href=\"https:\/\/www.instagram.com\/andreinaveliz\/?hl=es\">Ver perfil<\/a><\/div>\t\t<\/div>\n\t\t\t\t<\/div>\n\t\t\t\t<\/div>\n\t\t\t\t\t<\/div>\n\t\t\t\t<\/div>\n\t\t<div class=\"elementor-element elementor-element-1d3e61ac e-flex e-con-boxed e-con e-parent\" data-id=\"1d3e61ac\" data-element_type=\"container\">\n\t\t\t\t\t<div class=\"e-con-inner\">\n\t\t<div class=\"elementor-element elementor-element-53b1277f e-con-full e-flex e-con e-child\" data-id=\"53b1277f\" data-element_type=\"container\">\n\t\t\t\t<div class=\"vamtam-has-theme-widget-styles elementor-element elementor-element-1b1e410d elementor-widget elementor-widget-heading\" data-id=\"1b1e410d\" data-element_type=\"widget\" data-widget_type=\"heading.default\">\n\t\t\t\t<div class=\"elementor-widget-container\">\n\t\t\t<div class=\"elementor-heading-title elementor-size-default\">TikTok<\/div>\t\t<\/div>\n\t\t\t\t<\/div>\n\t\t\t\t<\/div>\n\t\t<div class=\"elementor-element elementor-element-4c3dd509 e-con-full e-flex e-con e-child\" data-id=\"4c3dd509\" data-element_type=\"container\">\n\t\t\t\t<div class=\"vamtam-has-theme-widget-styles elementor-element elementor-element-4c79d957 elementor-widget elementor-widget-heading\" data-id=\"4c79d957\" data-element_type=\"widget\" data-widget_type=\"heading.default\">\n\t\t\t\t<div class=\"elementor-widget-container\">\n\t\t\t<h4 class=\"elementor-heading-title elementor-size-default\">161.000 seguidores<\/h4>\t\t<\/div>\n\t\t\t\t<\/div>\n\t\t\t\t<\/div>\n\t\t<div class=\"elementor-element elementor-element-54c9cde1 e-con-full e-flex e-con e-child\" data-id=\"54c9cde1\" data-element_type=\"container\">\n\t\t\t\t<div class=\"vamtam-has-theme-widget-styles elementor-element elementor-element-664c962a elementor-widget elementor-widget-heading\" data-id=\"664c962a\" data-element_type=\"widget\" data-widget_type=\"heading.default\">\n\t\t\t\t<div class=\"elementor-widget-container\">\n\t\t\t<div class=\"elementor-heading-title elementor-size-default\"><a href=\"https:\/\/www.tiktok.com\/@andreinaveliztv?lang=es\">Ver perfil<\/a><\/div>\t\t<\/div>\n\t\t\t\t<\/div>\n\t\t\t\t<\/div>\n\t\t\t\t\t<\/div>\n\t\t\t\t<\/div>\n\t\t<div class=\"elementor-element elementor-element-52fe0561 e-flex e-con-boxed e-con e-parent\" data-id=\"52fe0561\" data-element_type=\"container\" data-settings=\"{&quot;background_background&quot;:&quot;classic&quot;}\">\n\t\t\t\t\t<div class=\"e-con-inner\">\n\t\t\t\t<div class=\"vamtam-has-theme-widget-styles elementor-element elementor-element-5a56688 elementor-align-center elementor-widget elementor-widget-button\" data-id=\"5a56688\" data-element_type=\"widget\" data-widget_type=\"button.default\">\n\t\t\t\t<div class=\"elementor-widget-container\">\n\t\t\t\t\t<div class=\"elementor-button-wrapper\">\n\t\t\t<a class=\"elementor-button elementor-button-link elementor-size-sm\" href=\"mailto:info@globtalents.com\">\n\t\t\t\t\t\t<span class=\"elementor-button-content-wrapper\">\n\t\t\t\t\t\t\t\t\t<span class=\"elementor-button-text\">Booking<\/span>\n\t\t\t\t\t<\/span>\n\t\t\t\t\t<\/a>\n\t\t<\/div>\n\t\t\t\t<\/div>\n\t\t\t\t<\/div>\n\t\t\t\t\t<\/div>\n\t\t\t\t<\/div>\n\t\t\t\t<\/div>","protected":false},"excerpt":{"rendered":"<p>Andreina Veliz Journalist, TV Host, and Content Creator Bio Apasionada por contar historias que inspiran, Andreina Veliz ha construido su carrera uniendo el periodismo con su amor por los viajes, el bienestar y el entretenimiento. Con una s\u00f3lida formaci\u00f3n en comunicaci\u00f3n y a\u00f1os de experiencia frente a las c\u00e1maras, Andreina se ha consolidado como una&#8230;<\/p>","protected":false},"author":2,"featured_media":988171,"parent":987863,"menu_order":0,"comment_status":"closed","ping_status":"closed","template":"","meta":{"inline_featured_image":false,"footnotes":""},"class_list":["post-988145","page","type-page","status-publish","has-post-thumbnail","hentry"],"yoast_head":"<!-- This site is optimized with the Yoast SEO Premium plugin v21.8 (Yoast SEO v23.0) - https:\/\/yoast.com\/wordpress\/plugins\/seo\/ -->\n<title>Andreina Veliz &#8212; GlobTalents<\/title>\n<meta name=\"robots\" content=\"index, follow, max-snippet:-1, max-image-preview:large, max-video-preview:-1\" \/>\n<link rel=\"canonical\" href=\"https:\/\/globtalents.com\/es\/talent\/andreina-veliz\/\" \/>\n<meta property=\"og:locale\" content=\"es_ES\" \/>\n<meta property=\"og:type\" content=\"article\" \/>\n<meta property=\"og:title\" content=\"Andreina Veliz &#8212; GlobTalents\" \/>\n<meta property=\"og:description\" content=\"Andreina Veliz Journalist, TV Host, and Content Creator Bio Apasionada por contar historias que inspiran, Andreina Veliz ha construido su carrera uniendo el periodismo con su amor por los viajes, el bienestar y el entretenimiento. Con una s\u00f3lida formaci\u00f3n en comunicaci\u00f3n y a\u00f1os de experiencia frente a las c\u00e1maras, Andreina se ha consolidado como una...\" \/>\n<meta property=\"og:url\" content=\"https:\/\/globtalents.com\/es\/talent\/andreina-veliz\/\" \/>\n<meta property=\"og:site_name\" content=\"GlobTalents\" \/>\n<meta property=\"article:modified_time\" content=\"2025-10-08T16:01:00+00:00\" \/>\n<meta property=\"og:image\" content=\"https:\/\/globtalents.com\/wp-content\/uploads\/2025\/10\/ANDREINA.jpg\" \/>\n\t<meta property=\"og:image:width\" content=\"1080\" \/>\n\t<meta property=\"og:image:height\" content=\"1080\" \/>\n\t<meta property=\"og:image:type\" content=\"image\/jpeg\" \/>\n<meta name=\"twitter:card\" content=\"summary_large_image\" \/>\n<meta name=\"twitter:label1\" content=\"Tiempo de lectura\" \/>\n\t<meta name=\"twitter:data1\" content=\"1 minuto\" \/>\n<script type=\"application\/ld+json\" class=\"yoast-schema-graph\">{\"@context\":\"https:\/\/schema.org\",\"@graph\":[{\"@type\":\"WebPage\",\"@id\":\"https:\/\/globtalents.com\/talent\/andreina-veliz\/\",\"url\":\"https:\/\/globtalents.com\/talent\/andreina-veliz\/\",\"name\":\"Andreina Veliz &#8212; GlobTalents\",\"isPartOf\":{\"@id\":\"https:\/\/globtalents.com\/#website\"},\"primaryImageOfPage\":{\"@id\":\"https:\/\/globtalents.com\/talent\/andreina-veliz\/#primaryimage\"},\"image\":{\"@id\":\"https:\/\/globtalents.com\/talent\/andreina-veliz\/#primaryimage\"},\"thumbnailUrl\":\"https:\/\/globtalents.com\/wp-content\/uploads\/2025\/10\/ANDREINA.jpg\",\"datePublished\":\"2024-02-06T18:15:46+00:00\",\"dateModified\":\"2025-10-08T16:01:00+00:00\",\"breadcrumb\":{\"@id\":\"https:\/\/globtalents.com\/talent\/andreina-veliz\/#breadcrumb\"},\"inLanguage\":\"es\",\"potentialAction\":[{\"@type\":\"ReadAction\",\"target\":[\"https:\/\/globtalents.com\/talent\/andreina-veliz\/\"]}]},{\"@type\":\"ImageObject\",\"inLanguage\":\"es\",\"@id\":\"https:\/\/globtalents.com\/talent\/andreina-veliz\/#primaryimage\",\"url\":\"https:\/\/globtalents.com\/wp-content\/uploads\/2025\/10\/ANDREINA.jpg\",\"contentUrl\":\"https:\/\/globtalents.com\/wp-content\/uploads\/2025\/10\/ANDREINA.jpg\",\"width\":1080,\"height\":1080},{\"@type\":\"BreadcrumbList\",\"@id\":\"https:\/\/globtalents.com\/talent\/andreina-veliz\/#breadcrumb\",\"itemListElement\":[{\"@type\":\"ListItem\",\"position\":1,\"name\":\"Home\",\"item\":\"https:\/\/globtalents.com\/\"},{\"@type\":\"ListItem\",\"position\":2,\"name\":\"Talent\",\"item\":\"https:\/\/globtalents.com\/talent\/\"},{\"@type\":\"ListItem\",\"position\":3,\"name\":\"Andreina Veliz\"}]},{\"@type\":\"WebSite\",\"@id\":\"https:\/\/globtalents.com\/#website\",\"url\":\"https:\/\/globtalents.com\/\",\"name\":\"GlobTalents\",\"description\":\"We create global impact\",\"publisher\":{\"@id\":\"https:\/\/globtalents.com\/#organization\"},\"potentialAction\":[{\"@type\":\"SearchAction\",\"target\":{\"@type\":\"EntryPoint\",\"urlTemplate\":\"https:\/\/globtalents.com\/?s={search_term_string}\"},\"query-input\":\"required name=search_term_string\"}],\"inLanguage\":\"es\"},{\"@type\":\"Organization\",\"@id\":\"https:\/\/globtalents.com\/#organization\",\"name\":\"GlobTalents\",\"url\":\"https:\/\/globtalents.com\/\",\"logo\":{\"@type\":\"ImageObject\",\"inLanguage\":\"es\",\"@id\":\"https:\/\/globtalents.com\/#\/schema\/logo\/image\/\",\"url\":\"http:\/\/globtalents.com\/wp-content\/uploads\/2024\/01\/aaaa.jpg\",\"contentUrl\":\"http:\/\/globtalents.com\/wp-content\/uploads\/2024\/01\/aaaa.jpg\",\"width\":2000,\"height\":2000,\"caption\":\"GlobTalents\"},\"image\":{\"@id\":\"https:\/\/globtalents.com\/#\/schema\/logo\/image\/\"}}]}<\/script>\n<!-- \/ Yoast SEO Premium plugin. -->","yoast_head_json":{"title":"Andreina Veliz &#8212; GlobTalents","robots":{"index":"index","follow":"follow","max-snippet":"max-snippet:-1","max-image-preview":"max-image-preview:large","max-video-preview":"max-video-preview:-1"},"canonical":"https:\/\/globtalents.com\/es\/talent\/andreina-veliz\/","og_locale":"es_ES","og_type":"article","og_title":"Andreina Veliz &#8212; GlobTalents","og_description":"Andreina Veliz Journalist, TV Host, and Content Creator Bio Apasionada por contar historias que inspiran, Andreina Veliz ha construido su carrera uniendo el periodismo con su amor por los viajes, el bienestar y el entretenimiento. Con una s\u00f3lida formaci\u00f3n en comunicaci\u00f3n y a\u00f1os de experiencia frente a las c\u00e1maras, Andreina se ha consolidado como una...","og_url":"https:\/\/globtalents.com\/es\/talent\/andreina-veliz\/","og_site_name":"GlobTalents","article_modified_time":"2025-10-08T16:01:00+00:00","og_image":[{"width":1080,"height":1080,"url":"https:\/\/globtalents.com\/wp-content\/uploads\/2025\/10\/ANDREINA.jpg","type":"image\/jpeg"}],"twitter_card":"summary_large_image","twitter_misc":{"Tiempo de lectura":"1 minuto"},"schema":{"@context":"https:\/\/schema.org","@graph":[{"@type":"WebPage","@id":"https:\/\/globtalents.com\/talent\/andreina-veliz\/","url":"https:\/\/globtalents.com\/talent\/andreina-veliz\/","name":"Andreina Veliz &#8212; GlobTalents","isPartOf":{"@id":"https:\/\/globtalents.com\/#website"},"primaryImageOfPage":{"@id":"https:\/\/globtalents.com\/talent\/andreina-veliz\/#primaryimage"},"image":{"@id":"https:\/\/globtalents.com\/talent\/andreina-veliz\/#primaryimage"},"thumbnailUrl":"https:\/\/globtalents.com\/wp-content\/uploads\/2025\/10\/ANDREINA.jpg","datePublished":"2024-02-06T18:15:46+00:00","dateModified":"2025-10-08T16:01:00+00:00","breadcrumb":{"@id":"https:\/\/globtalents.com\/talent\/andreina-veliz\/#breadcrumb"},"inLanguage":"es","potentialAction":[{"@type":"ReadAction","target":["https:\/\/globtalents.com\/talent\/andreina-veliz\/"]}]},{"@type":"ImageObject","inLanguage":"es","@id":"https:\/\/globtalents.com\/talent\/andreina-veliz\/#primaryimage","url":"https:\/\/globtalents.com\/wp-content\/uploads\/2025\/10\/ANDREINA.jpg","contentUrl":"https:\/\/globtalents.com\/wp-content\/uploads\/2025\/10\/ANDREINA.jpg","width":1080,"height":1080},{"@type":"BreadcrumbList","@id":"https:\/\/globtalents.com\/talent\/andreina-veliz\/#breadcrumb","itemListElement":[{"@type":"ListItem","position":1,"name":"Home","item":"https:\/\/globtalents.com\/"},{"@type":"ListItem","position":2,"name":"Talent","item":"https:\/\/globtalents.com\/talent\/"},{"@type":"ListItem","position":3,"name":"Andreina Veliz"}]},{"@type":"WebSite","@id":"https:\/\/globtalents.com\/#website","url":"https:\/\/globtalents.com\/","name":"GlobTalents","description":"We create global impact","publisher":{"@id":"https:\/\/globtalents.com\/#organization"},"potentialAction":[{"@type":"SearchAction","target":{"@type":"EntryPoint","urlTemplate":"https:\/\/globtalents.com\/?s={search_term_string}"},"query-input":"required name=search_term_string"}],"inLanguage":"es"},{"@type":"Organization","@id":"https:\/\/globtalents.com\/#organization","name":"GlobTalents","url":"https:\/\/globtalents.com\/","logo":{"@type":"ImageObject","inLanguage":"es","@id":"https:\/\/globtalents.com\/#\/schema\/logo\/image\/","url":"http:\/\/globtalents.com\/wp-content\/uploads\/2024\/01\/aaaa.jpg","contentUrl":"http:\/\/globtalents.com\/wp-content\/uploads\/2024\/01\/aaaa.jpg","width":2000,"height":2000,"caption":"GlobTalents"},"image":{"@id":"https:\/\/globtalents.com\/#\/schema\/logo\/image\/"}}]}},"_links":{"self":[{"href":"https:\/\/globtalents.com\/es\/wp-json\/wp\/v2\/pages\/988145","targetHints":{"allow":["GET"]}}],"collection":[{"href":"https:\/\/globtalents.com\/es\/wp-json\/wp\/v2\/pages"}],"about":[{"href":"https:\/\/globtalents.com\/es\/wp-json\/wp\/v2\/types\/page"}],"author":[{"embeddable":true,"href":"https:\/\/globtalents.com\/es\/wp-json\/wp\/v2\/users\/2"}],"replies":[{"embeddable":true,"href":"https:\/\/globtalents.com\/es\/wp-json\/wp\/v2\/comments?post=988145"}],"version-history":[{"count":14,"href":"https:\/\/globtalents.com\/es\/wp-json\/wp\/v2\/pages\/988145\/revisions"}],"predecessor-version":[{"id":988177,"href":"https:\/\/globtalents.com\/es\/wp-json\/wp\/v2\/pages\/988145\/revisions\/988177"}],"up":[{"embeddable":true,"href":"https:\/\/globtalents.com\/es\/wp-json\/wp\/v2\/pages\/987863"}],"wp:featuredmedia":[{"embeddable":true,"href":"https:\/\/globtalents.com\/es\/wp-json\/wp\/v2\/media\/988171"}],"wp:attachment":[{"href":"https:\/\/globtalents.com\/es\/wp-json\/wp\/v2\/media?parent=988145"}],"curies":[{"name":"wp","href":"https:\/\/api.w.org\/{rel}","templated":true}]}}