{"id":3,"date":"2023-09-21T12:41:01","date_gmt":"2023-09-21T12:41:01","guid":{"rendered":"https:\/\/pixelpiernyc.vamtam.com\/?page_id=3"},"modified":"2024-01-21T19:59:34","modified_gmt":"2024-01-21T18:59:34","slug":"privacy-policy","status":"publish","type":"page","link":"https:\/\/globtalents.com\/es\/privacy-policy\/","title":{"rendered":"Pol\u00edtica de privacidad y cookies"},"content":{"rendered":"<div data-elementor-type=\"wp-page\" data-elementor-id=\"3\" class=\"elementor elementor-3\" data-elementor-post-type=\"page\">\n\t\t\t\t<div class=\"elementor-element elementor-element-6aa36c74 e-flex e-con-boxed e-con e-parent\" data-id=\"6aa36c74\" data-element_type=\"container\">\n\t\t\t\t\t<div class=\"e-con-inner\">\n\t\t\t\t<div class=\"elementor-element elementor-element-1b08afdc elementor-widget__width-initial elementor-widget elementor-widget-text-editor\" data-id=\"1b08afdc\" data-element_type=\"widget\" data-widget_type=\"text-editor.default\">\n\t\t\t\t<div class=\"elementor-widget-container\">\n\t\t\t<style>\/*! elementor - v3.22.0 - 26-06-2024 *\/\n.elementor-widget-text-editor.elementor-drop-cap-view-stacked .elementor-drop-cap{background-color:#69727d;color:#fff}.elementor-widget-text-editor.elementor-drop-cap-view-framed .elementor-drop-cap{color:#69727d;border:3px solid;background-color:transparent}.elementor-widget-text-editor:not(.elementor-drop-cap-view-default) .elementor-drop-cap{margin-top:8px}.elementor-widget-text-editor:not(.elementor-drop-cap-view-default) .elementor-drop-cap-letter{width:1em;height:1em}.elementor-widget-text-editor .elementor-drop-cap{float:left;text-align:center;line-height:1;font-size:50px}.elementor-widget-text-editor .elementor-drop-cap-letter{display:inline-block}<\/style>\t\t\t\t<p><!-- wp:heading --><\/p>\n<p>GlobTalents respeta su privacidad y se compromete a proteger su informaci\u00f3n personal. Esta Pol\u00edtica de Privacidad describe c\u00f3mo recopilamos, utilizamos, divulgamos y protegemos sus datos cuando visita nuestro sitio web o interact\u00faa con nuestros servicios.<\/p>\n<ol>\n<li>\n<p><strong>Informaci\u00f3n que recopilamos:<\/strong><\/p>\n<ul>\n<li>Informaci\u00f3n personal: Podemos recopilar informaci\u00f3n personal como su nombre, direcci\u00f3n de correo electr\u00f3nico y otros datos de contacto cuando usted nos la proporcione voluntariamente.<\/li>\n<li>Datos de uso: Podemos recopilar informaci\u00f3n sobre c\u00f3mo interact\u00faa con nuestro sitio web, incluidas direcciones IP, detalles del navegador y p\u00e1ginas visitadas.<\/li>\n<\/ul>\n<\/li>\n<li>\n<p><strong>C\u00f3mo utilizamos su informaci\u00f3n:<\/strong><\/p>\n<ul>\n<li>Prestar servicios: Utilizamos su informaci\u00f3n para prestar y mejorar nuestros servicios, responder a sus consultas y personalizar su experiencia.<\/li>\n<li>Comunicaci\u00f3n: Podemos enviarle actualizaciones, boletines o material promocional en funci\u00f3n de sus preferencias.<\/li>\n<li>An\u00e1lisis: Analizamos el uso del sitio web para mejorar el contenido, la funcionalidad y la experiencia del usuario.<\/li>\n<\/ul>\n<\/li>\n<li>\n<p><strong>Intercambio de informaci\u00f3n:<\/strong><\/p>\n<ul>\n<li>Servicios de terceros: Podemos compartir informaci\u00f3n con terceros proveedores de servicios de confianza para facilitar nuestros servicios.<\/li>\n<li>Cumplimiento legal: Podemos divulgar informaci\u00f3n si as\u00ed lo exige la ley o en respuesta a solicitudes legales.<\/li>\n<\/ul>\n<\/li>\n<li>\n<p><strong>Sus opciones:<\/strong><\/p>\n<ul>\n<li>Exclusi\u00f3n voluntaria: Puede optar por no recibir comunicaciones promocionales siguiendo las instrucciones proporcionadas en los correos electr\u00f3nicos.<\/li>\n<li>Cookies: Puede gestionar sus preferencias de cookies a trav\u00e9s de la configuraci\u00f3n de su navegador.<\/li>\n<\/ul>\n<\/li>\n<li>\n<p><span style=\"font-family: 'Plus Jakarta Sans', sans-serif; font-size: 16px; font-style: normal; font-variant-ligatures: normal; font-variant-caps: normal; font-weight: bold;\">Galletas:&nbsp;<\/span><span style=\"text-align: var(--text-align); background-color: var( --e-global-color-vamtam_accent_2 );\">Con el fin de garantizar que encuentre lo que busca, y para asegurar la mejor experiencia de usuario posible, este sitio web hace uso de cookies anal\u00edticas para recopilar datos agregados sobre los patrones de consumo de contenidos del sitio web. Siguiendo las condiciones de \"renuncia\" al consentimiento previo especificadas por el Grupo de Trabajo del Art\u00edculo 29 de la Uni\u00f3n Europea, estas cookies utilizan ofuscaci\u00f3n de IP y no duran m\u00e1s de 12 meses. Adem\u00e1s, no asociamos esta informaci\u00f3n a datos de clientes ni a plataformas publicitarias de ning\u00fan tipo a nivel granular. En concreto, nuestros sitios web almacenan las siguientes cookies anal\u00edticas en el terminal del usuario:<\/span><\/p>\n<p>&nbsp;<span style=\"font-family: &quot;Plus Jakarta Sans&quot;, sans-serif; font-size: 16px; font-style: normal; font-variant-ligatures: normal; font-variant-caps: normal; font-weight: 400; text-align: var(--text-align); background-color: var( --e-global-color-vamtam_accent_2 ); color: var( --e-global-color-vamtam_accent_6 ); letter-spacing: var(--vamtam-primary-font-letter-spacing-desktop,normal); text-transform: var(--vamtam-primary-font-transform,none);\">&nbsp;__utma&nbsp;<\/span><span style=\"font-family: &quot;Plus Jakarta Sans&quot;, sans-serif; font-size: 16px; font-style: normal; font-variant-ligatures: normal; font-variant-caps: normal; font-weight: 400; text-align: var(--text-align); color: var( --e-global-color-vamtam_accent_6 ); letter-spacing: var(--vamtam-primary-font-letter-spacing-desktop,normal); text-decoration-line: ; text-transform: var(--vamtam-primary-font-transform,none); background-color: var( --e-global-color-vamtam_accent_2 );\">12 meses Google Analytics<\/span><\/p>\n<p style=\"font-style: normal; font-variant-ligatures: normal; font-variant-caps: normal; font-weight: 400; font-size: 16px; font-family: &quot;Plus Jakarta Sans&quot;, sans-serif;\">__utma 30 minutos Google Analytics<\/p>\n<p style=\"font-style: normal; font-variant-ligatures: normal; font-variant-caps: normal; font-weight: 400; font-size: 16px; font-family: &quot;Plus Jakarta Sans&quot;, sans-serif;\">__utma 6 meses Google Analytics<\/p>\n<p>Usted puede bloquear su actividad individual (\"opt-out\") a trav\u00e9s de los sistemas de exclusi\u00f3n facilitados por Google Analytics, adem\u00e1s de hacer uso de las preferencias de contenido y privacidad de su navegador para evitar que estas u otras cookies sean servidas en ning\u00fan momento.<\/p>\n<p>Otras cookies: Hacemos uso de otras cookies de primera parte para permitir los servicios basados en el inicio de sesi\u00f3n, la descarga de libros blancos gratuitos y las actualizaciones de contenido del sitio web. Estas cookies est\u00e1n exentas de los requisitos de inclusi\u00f3n voluntaria en virtud de la legislaci\u00f3n vigente de la UE (art\u00edculo 5.3 de la Directiva sobre la privacidad y las comunicaciones electr\u00f3nicas). Deshabilitarlas tendr\u00eda el efecto de impedir las descargas gratuitas o el acceso a su cuenta de Bedrock. No empleamos cookies de terceros con fines de publicidad comportamental.<\/p>\n<p><\/p>\n<\/li>\n<li>\n<p style=\"font-style: normal; font-variant-ligatures: normal; font-variant-caps: normal; font-weight: 400; font-size: 16px; font-family: 'Plus Jakarta Sans', sans-serif;\"><strong style=\"text-align: var(--text-align); color: var( --e-global-color-vamtam_accent_6 ); letter-spacing: var(--vamtam-primary-font-letter-spacing-desktop,normal); text-transform: var(--vamtam-primary-font-transform,none); background-color: var( --e-global-color-vamtam_accent_2 );\">Seguridad:&nbsp;<\/strong><span style=\"text-align: var(--text-align); background-color: var( --e-global-color-vamtam_accent_2 ); color: var( --e-global-color-vamtam_accent_6 ); letter-spacing: var(--vamtam-primary-font-letter-spacing-desktop,normal); text-transform: var(--vamtam-primary-font-transform,none);\">Empleamos medidas de seguridad razonables para proteger su informaci\u00f3n. Sin embargo, ning\u00fan m\u00e9todo de transmisi\u00f3n por Internet o de almacenamiento electr\u00f3nico es completamente seguro.<\/span><\/p><\/li>\n<li>\n<p><strong>Privacidad de los ni\u00f1os:<\/strong><\/p>\n<ul>\n<li>Nuestros servicios no est\u00e1n dirigidos a menores de 13 a\u00f1os. No recopilamos conscientemente informaci\u00f3n personal de ni\u00f1os.<\/li>\n<\/ul>\n<\/li>\n<li>\n<p><strong>Cambios en esta pol\u00edtica:<\/strong><\/p>\n<ul>\n<li>Nos reservamos el derecho a actualizar o modificar esta Pol\u00edtica de Privacidad en cualquier momento. Los cambios entrar\u00e1n en vigor inmediatamente despu\u00e9s de su publicaci\u00f3n.<\/li>\n<\/ul>\n<\/li>\n<li>\n<p><strong>P\u00f3ngase en contacto con nosotros:<\/strong><\/p>\n<ul>\n<li>Si tiene alguna pregunta o duda sobre nuestra Pol\u00edtica de Privacidad, p\u00f3ngase en contacto con nosotros en <a href=\"mailto:info@globtalents.com\">info@globtalents.com<\/a>.<\/li>\n<\/ul>\n<\/li>\n<\/ol>\n<p>Al utilizar nuestro sitio web o nuestros servicios, usted acepta las condiciones establecidas en la presente Pol\u00edtica de Privacidad.<\/p>\n<p><!-- \/wp:paragraph --><\/p>\t\t\t\t\t\t<\/div>\n\t\t\t\t<\/div>\n\t\t\t\t\t<\/div>\n\t\t\t\t<\/div>\n\t\t\t\t<\/div>","protected":false},"excerpt":{"rendered":"<p>Pol\u00edtica de privacidad<\/p>","protected":false},"author":1,"featured_media":0,"parent":0,"menu_order":0,"comment_status":"closed","ping_status":"closed","template":"","meta":{"inline_featured_image":false,"footnotes":""},"class_list":["post-3","page","type-page","status-publish","hentry"],"yoast_head":"<!-- This site is optimized with the Yoast SEO Premium plugin v21.8 (Yoast SEO v23.0) - https:\/\/yoast.com\/wordpress\/plugins\/seo\/ -->\n<title>Privacy Policy &amp; Cookies &#8212; GlobTalents<\/title>\n<meta name=\"robots\" content=\"index, follow, max-snippet:-1, max-image-preview:large, max-video-preview:-1\" \/>\n<link rel=\"canonical\" href=\"https:\/\/globtalents.com\/es\/privacy-policy\/\" \/>\n<meta property=\"og:locale\" content=\"es_ES\" \/>\n<meta property=\"og:type\" content=\"article\" \/>\n<meta property=\"og:title\" content=\"Privacy Policy &amp; Cookies &#8212; GlobTalents\" \/>\n<meta property=\"og:description\" content=\"Privacy Policy\" \/>\n<meta property=\"og:url\" content=\"https:\/\/globtalents.com\/es\/privacy-policy\/\" \/>\n<meta property=\"og:site_name\" content=\"GlobTalents\" \/>\n<meta property=\"article:modified_time\" content=\"2024-01-21T18:59:34+00:00\" \/>\n<meta property=\"og:image\" content=\"https:\/\/globtalents.com\/wp-content\/uploads\/2024\/01\/aaaa.jpg\" \/>\n\t<meta property=\"og:image:width\" content=\"2000\" \/>\n\t<meta property=\"og:image:height\" content=\"2000\" \/>\n\t<meta property=\"og:image:type\" content=\"image\/jpeg\" \/>\n<meta name=\"twitter:card\" content=\"summary_large_image\" \/>\n<meta name=\"twitter:label1\" content=\"Tiempo de lectura\" \/>\n\t<meta name=\"twitter:data1\" content=\"3 minutos\" \/>\n<script type=\"application\/ld+json\" class=\"yoast-schema-graph\">{\"@context\":\"https:\/\/schema.org\",\"@graph\":[{\"@type\":\"WebPage\",\"@id\":\"https:\/\/globtalents.com\/privacy-policy\/\",\"url\":\"https:\/\/globtalents.com\/privacy-policy\/\",\"name\":\"Privacy Policy & Cookies &#8212; GlobTalents\",\"isPartOf\":{\"@id\":\"https:\/\/globtalents.com\/#website\"},\"datePublished\":\"2023-09-21T12:41:01+00:00\",\"dateModified\":\"2024-01-21T18:59:34+00:00\",\"breadcrumb\":{\"@id\":\"https:\/\/globtalents.com\/privacy-policy\/#breadcrumb\"},\"inLanguage\":\"es\",\"potentialAction\":[{\"@type\":\"ReadAction\",\"target\":[\"https:\/\/globtalents.com\/privacy-policy\/\"]}]},{\"@type\":\"BreadcrumbList\",\"@id\":\"https:\/\/globtalents.com\/privacy-policy\/#breadcrumb\",\"itemListElement\":[{\"@type\":\"ListItem\",\"position\":1,\"name\":\"Home\",\"item\":\"https:\/\/globtalents.com\/\"},{\"@type\":\"ListItem\",\"position\":2,\"name\":\"Privacy Policy &#038; Cookies\"}]},{\"@type\":\"WebSite\",\"@id\":\"https:\/\/globtalents.com\/#website\",\"url\":\"https:\/\/globtalents.com\/\",\"name\":\"GlobTalents\",\"description\":\"We create global impact\",\"publisher\":{\"@id\":\"https:\/\/globtalents.com\/#organization\"},\"potentialAction\":[{\"@type\":\"SearchAction\",\"target\":{\"@type\":\"EntryPoint\",\"urlTemplate\":\"https:\/\/globtalents.com\/?s={search_term_string}\"},\"query-input\":\"required name=search_term_string\"}],\"inLanguage\":\"es\"},{\"@type\":\"Organization\",\"@id\":\"https:\/\/globtalents.com\/#organization\",\"name\":\"GlobTalents\",\"url\":\"https:\/\/globtalents.com\/\",\"logo\":{\"@type\":\"ImageObject\",\"inLanguage\":\"es\",\"@id\":\"https:\/\/globtalents.com\/#\/schema\/logo\/image\/\",\"url\":\"http:\/\/globtalents.com\/wp-content\/uploads\/2024\/01\/aaaa.jpg\",\"contentUrl\":\"http:\/\/globtalents.com\/wp-content\/uploads\/2024\/01\/aaaa.jpg\",\"width\":2000,\"height\":2000,\"caption\":\"GlobTalents\"},\"image\":{\"@id\":\"https:\/\/globtalents.com\/#\/schema\/logo\/image\/\"}}]}<\/script>\n<!-- \/ Yoast SEO Premium plugin. -->","yoast_head_json":{"title":"Privacy Policy & Cookies &#8212; GlobTalents","robots":{"index":"index","follow":"follow","max-snippet":"max-snippet:-1","max-image-preview":"max-image-preview:large","max-video-preview":"max-video-preview:-1"},"canonical":"https:\/\/globtalents.com\/es\/privacy-policy\/","og_locale":"es_ES","og_type":"article","og_title":"Privacy Policy & Cookies &#8212; GlobTalents","og_description":"Privacy Policy","og_url":"https:\/\/globtalents.com\/es\/privacy-policy\/","og_site_name":"GlobTalents","article_modified_time":"2024-01-21T18:59:34+00:00","og_image":[{"width":2000,"height":2000,"url":"https:\/\/globtalents.com\/wp-content\/uploads\/2024\/01\/aaaa.jpg","type":"image\/jpeg"}],"twitter_card":"summary_large_image","twitter_misc":{"Tiempo de lectura":"3 minutos"},"schema":{"@context":"https:\/\/schema.org","@graph":[{"@type":"WebPage","@id":"https:\/\/globtalents.com\/privacy-policy\/","url":"https:\/\/globtalents.com\/privacy-policy\/","name":"Privacy Policy & Cookies &#8212; GlobTalents","isPartOf":{"@id":"https:\/\/globtalents.com\/#website"},"datePublished":"2023-09-21T12:41:01+00:00","dateModified":"2024-01-21T18:59:34+00:00","breadcrumb":{"@id":"https:\/\/globtalents.com\/privacy-policy\/#breadcrumb"},"inLanguage":"es","potentialAction":[{"@type":"ReadAction","target":["https:\/\/globtalents.com\/privacy-policy\/"]}]},{"@type":"BreadcrumbList","@id":"https:\/\/globtalents.com\/privacy-policy\/#breadcrumb","itemListElement":[{"@type":"ListItem","position":1,"name":"Home","item":"https:\/\/globtalents.com\/"},{"@type":"ListItem","position":2,"name":"Privacy Policy &#038; Cookies"}]},{"@type":"WebSite","@id":"https:\/\/globtalents.com\/#website","url":"https:\/\/globtalents.com\/","name":"GlobTalents","description":"We create global impact","publisher":{"@id":"https:\/\/globtalents.com\/#organization"},"potentialAction":[{"@type":"SearchAction","target":{"@type":"EntryPoint","urlTemplate":"https:\/\/globtalents.com\/?s={search_term_string}"},"query-input":"required name=search_term_string"}],"inLanguage":"es"},{"@type":"Organization","@id":"https:\/\/globtalents.com\/#organization","name":"GlobTalents","url":"https:\/\/globtalents.com\/","logo":{"@type":"ImageObject","inLanguage":"es","@id":"https:\/\/globtalents.com\/#\/schema\/logo\/image\/","url":"http:\/\/globtalents.com\/wp-content\/uploads\/2024\/01\/aaaa.jpg","contentUrl":"http:\/\/globtalents.com\/wp-content\/uploads\/2024\/01\/aaaa.jpg","width":2000,"height":2000,"caption":"GlobTalents"},"image":{"@id":"https:\/\/globtalents.com\/#\/schema\/logo\/image\/"}}]}},"_links":{"self":[{"href":"https:\/\/globtalents.com\/es\/wp-json\/wp\/v2\/pages\/3","targetHints":{"allow":["GET"]}}],"collection":[{"href":"https:\/\/globtalents.com\/es\/wp-json\/wp\/v2\/pages"}],"about":[{"href":"https:\/\/globtalents.com\/es\/wp-json\/wp\/v2\/types\/page"}],"author":[{"embeddable":true,"href":"https:\/\/globtalents.com\/es\/wp-json\/wp\/v2\/users\/1"}],"replies":[{"embeddable":true,"href":"https:\/\/globtalents.com\/es\/wp-json\/wp\/v2\/comments?post=3"}],"version-history":[{"count":16,"href":"https:\/\/globtalents.com\/es\/wp-json\/wp\/v2\/pages\/3\/revisions"}],"predecessor-version":[{"id":988032,"href":"https:\/\/globtalents.com\/es\/wp-json\/wp\/v2\/pages\/3\/revisions\/988032"}],"wp:attachment":[{"href":"https:\/\/globtalents.com\/es\/wp-json\/wp\/v2\/media?parent=3"}],"curies":[{"name":"wp","href":"https:\/\/api.w.org\/{rel}","templated":true}]}}