{"id":1467,"date":"2023-11-10T08:17:17","date_gmt":"2023-11-10T08:17:17","guid":{"rendered":"https:\/\/pixelpiernyc.vamtam.com\/?page_id=1467"},"modified":"2024-01-20T04:43:02","modified_gmt":"2024-01-20T04:43:02","slug":"about","status":"publish","type":"page","link":"https:\/\/globtalents.com\/es\/about\/","title":{"rendered":"Acerca de"},"content":{"rendered":"<div data-elementor-type=\"wp-page\" data-elementor-id=\"1467\" class=\"elementor elementor-1467\" data-elementor-post-type=\"page\">\n\t\t\t\t<div class=\"elementor-element elementor-element-af2a9d3 e-flex e-con-boxed e-con e-parent\" data-id=\"af2a9d3\" data-element_type=\"container\">\n\t\t\t\t\t<div class=\"e-con-inner\">\n\t\t<div class=\"elementor-element elementor-element-1ad1d3c e-con-full e-flex e-con e-child\" data-id=\"1ad1d3c\" data-element_type=\"container\">\n\t\t\t\t<div class=\"elementor-element elementor-element-10772df elementor-widget elementor-widget-text-editor\" data-id=\"10772df\" data-element_type=\"widget\" data-widget_type=\"text-editor.default\">\n\t\t\t\t<div class=\"elementor-widget-container\">\n\t\t\t<style>\/*! elementor - v3.22.0 - 26-06-2024 *\/\n.elementor-widget-text-editor.elementor-drop-cap-view-stacked .elementor-drop-cap{background-color:#69727d;color:#fff}.elementor-widget-text-editor.elementor-drop-cap-view-framed .elementor-drop-cap{color:#69727d;border:3px solid;background-color:transparent}.elementor-widget-text-editor:not(.elementor-drop-cap-view-default) .elementor-drop-cap{margin-top:8px}.elementor-widget-text-editor:not(.elementor-drop-cap-view-default) .elementor-drop-cap-letter{width:1em;height:1em}.elementor-widget-text-editor .elementor-drop-cap{float:left;text-align:center;line-height:1;font-size:50px}.elementor-widget-text-editor .elementor-drop-cap-letter{display:inline-block}<\/style>\t\t\t\t<p>Somos GlobTalents, una agencia especializada en la representaci\u00f3n, comunicaci\u00f3n y contrataci\u00f3n. En el centro de nuestro enfoque est\u00e1 la pasi\u00f3n por hacer avanzar las carreras, contar historias impactantes y conectar con los mejores talentos.<\/p>\t\t\t\t\t\t<\/div>\n\t\t\t\t<\/div>\n\t\t\t\t<\/div>\n\t\t<div class=\"elementor-element elementor-element-fade729 e-con-full e-flex e-con e-child\" data-id=\"fade729\" data-element_type=\"container\">\n\t\t\t\t<div class=\"elementor-element elementor-element-f4a0774 elementor-widget elementor-widget-image\" data-id=\"f4a0774\" data-element_type=\"widget\" data-widget_type=\"image.default\">\n\t\t\t\t<div class=\"elementor-widget-container\">\n\t\t\t<style>\/*! elementor - v3.22.0 - 26-06-2024 *\/\n.elementor-widget-image{text-align:center}.elementor-widget-image a{display:inline-block}.elementor-widget-image a img[src$=\".svg\"]{width:48px}.elementor-widget-image img{vertical-align:middle;display:inline-block}<\/style>\t\t\t\t\t\t\t\t\t\t<img fetchpriority=\"high\" decoding=\"async\" width=\"2048\" height=\"1048\" src=\"https:\/\/globtalents.com\/wp-content\/uploads\/2024\/01\/globtalents.jpg\" class=\"attachment-2048x2048 size-2048x2048 wp-image-987832\" alt=\"\" srcset=\"https:\/\/globtalents.com\/wp-content\/uploads\/2024\/01\/globtalents.jpg 2048w, https:\/\/globtalents.com\/wp-content\/uploads\/2024\/01\/globtalents-300x154.jpg 300w, https:\/\/globtalents.com\/wp-content\/uploads\/2024\/01\/globtalents-1024x524.jpg 1024w, https:\/\/globtalents.com\/wp-content\/uploads\/2024\/01\/globtalents-768x393.jpg 768w, https:\/\/globtalents.com\/wp-content\/uploads\/2024\/01\/globtalents-1536x786.jpg 1536w\" sizes=\"(max-width: 2048px) 100vw, 2048px\" \/>\t\t\t\t\t\t\t\t\t\t\t\t\t<\/div>\n\t\t\t\t<\/div>\n\t\t\t\t<\/div>\n\t\t\t\t\t<\/div>\n\t\t\t\t<\/div>\n\t\t<div class=\"elementor-element elementor-element-976f0d4 e-flex e-con-boxed e-con e-parent\" data-id=\"976f0d4\" data-element_type=\"container\">\n\t\t\t\t\t<div class=\"e-con-inner\">\n\t\t<div class=\"elementor-element elementor-element-183222d e-con-full e-flex e-con e-child\" data-id=\"183222d\" data-element_type=\"container\">\n\t\t\t\t<div class=\"vamtam-has-theme-widget-styles elementor-element elementor-element-5bd381a elementor-widget elementor-widget-heading\" data-id=\"5bd381a\" data-element_type=\"widget\" data-widget_type=\"heading.default\">\n\t\t\t\t<div class=\"elementor-widget-container\">\n\t\t\t<style>\/*! elementor - v3.22.0 - 26-06-2024 *\/\n.elementor-heading-title{padding:0;margin:0;line-height:1}.elementor-widget-heading .elementor-heading-title[class*=elementor-size-]>a{color:inherit;font-size:inherit;line-height:inherit}.elementor-widget-heading .elementor-heading-title.elementor-size-small{font-size:15px}.elementor-widget-heading .elementor-heading-title.elementor-size-medium{font-size:19px}.elementor-widget-heading .elementor-heading-title.elementor-size-large{font-size:29px}.elementor-widget-heading .elementor-heading-title.elementor-size-xl{font-size:39px}.elementor-widget-heading .elementor-heading-title.elementor-size-xxl{font-size:59px}<\/style><h6 class=\"elementor-heading-title elementor-size-default\">Acerca de<\/h6>\t\t<\/div>\n\t\t\t\t<\/div>\n\t\t\t\t<\/div>\n\t\t<div class=\"elementor-element elementor-element-75739a6 e-con-full e-flex e-con e-child\" data-id=\"75739a6\" data-element_type=\"container\">\n\t\t\t\t<div class=\"vamtam-has-theme-widget-styles elementor-element elementor-element-56686cf vamtam-has-text-reveal-anim elementor-widget elementor-widget-heading\" data-id=\"56686cf\" data-element_type=\"widget\" data-settings=\"{&quot;motion_fx_motion_fx_scrolling&quot;:&quot;yes&quot;,&quot;motion_fx_devices&quot;:[&quot;desktop&quot;,&quot;tablet&quot;,&quot;mobile&quot;]}\" data-widget_type=\"heading.default\">\n\t\t\t\t<div class=\"elementor-widget-container\">\n\t\t\t<h2 class=\"elementor-heading-title elementor-size-default\">Nuestro compromiso consiste en dar forma a sus sue\u00f1os, crear v\u00ednculos significativos y elevar cada proyecto a nuevas cotas.<\/h2>\t\t<\/div>\n\t\t\t\t<\/div>\n\t\t\t\t<\/div>\n\t\t\t\t\t<\/div>\n\t\t\t\t<\/div>\n\t\t<div class=\"elementor-element elementor-element-6501c88 e-flex e-con-boxed e-con e-parent\" data-id=\"6501c88\" data-element_type=\"container\">\n\t\t\t\t\t<div class=\"e-con-inner\">\n\t\t<div class=\"elementor-element elementor-element-dc3e336 e-con-full e-flex e-con e-child\" data-id=\"dc3e336\" data-element_type=\"container\">\n\t\t\t\t<div class=\"vamtam-has-theme-widget-styles elementor-element elementor-element-aa00a62 elementor-widget elementor-widget-heading\" data-id=\"aa00a62\" data-element_type=\"widget\" data-widget_type=\"heading.default\">\n\t\t\t\t<div class=\"elementor-widget-container\">\n\t\t\t<h6 class=\"elementor-heading-title elementor-size-default\">Nuestras creencias<\/h6>\t\t<\/div>\n\t\t\t\t<\/div>\n\t\t\t\t<\/div>\n\t\t<div class=\"elementor-element elementor-element-e1cc632 e-con-full e-flex e-con e-child\" data-id=\"e1cc632\" data-element_type=\"container\">\n\t\t\t\t<div class=\"vamtam-has-theme-widget-styles elementor-element elementor-element-f787d54 elementor-widget elementor-widget-heading\" data-id=\"f787d54\" data-element_type=\"widget\" data-settings=\"{&quot;motion_fx_motion_fx_scrolling&quot;:&quot;yes&quot;,&quot;motion_fx_devices&quot;:[&quot;desktop&quot;,&quot;tablet&quot;,&quot;mobile&quot;]}\" data-widget_type=\"heading.default\">\n\t\t\t\t<div class=\"elementor-widget-container\">\n\t\t\t<h3 class=\"elementor-heading-title elementor-size-default\">Creemos en el poder de las conexiones aut\u00e9nticas, la creatividad sin l\u00edmites y el compromiso inquebrantable con el \u00e9xito de nuestros clientes. Valoramos la integridad, la innovaci\u00f3n y la excelencia en todos los servicios que ofrecemos. En el centro de nuestras creencias est\u00e1 la convicci\u00f3n de que cada proyecto tiene el potencial de ser extraordinario.<\/h3>\t\t<\/div>\n\t\t\t\t<\/div>\n\t\t\t\t<\/div>\n\t\t\t\t\t<\/div>\n\t\t\t\t<\/div>\n\t\t\t\t<\/div>","protected":false},"excerpt":{"rendered":"<p>Construir el \u00e9xito mundial.<\/p>","protected":false},"author":1,"featured_media":0,"parent":0,"menu_order":0,"comment_status":"closed","ping_status":"closed","template":"","meta":{"inline_featured_image":false,"footnotes":""},"class_list":["post-1467","page","type-page","status-publish","hentry"],"yoast_head":"<!-- This site is optimized with the Yoast SEO Premium plugin v21.8 (Yoast SEO v23.0) - https:\/\/yoast.com\/wordpress\/plugins\/seo\/ -->\n<title>About &#8212; GlobTalents<\/title>\n<meta name=\"robots\" content=\"index, follow, max-snippet:-1, max-image-preview:large, max-video-preview:-1\" \/>\n<link rel=\"canonical\" href=\"https:\/\/globtalents.com\/es\/about\/\" \/>\n<meta property=\"og:locale\" content=\"es_ES\" \/>\n<meta property=\"og:type\" content=\"article\" \/>\n<meta property=\"og:title\" content=\"About &#8212; GlobTalents\" \/>\n<meta property=\"og:description\" content=\"Building global success.\" \/>\n<meta property=\"og:url\" content=\"https:\/\/globtalents.com\/es\/about\/\" \/>\n<meta property=\"og:site_name\" content=\"GlobTalents\" \/>\n<meta property=\"article:modified_time\" content=\"2024-01-20T04:43:02+00:00\" \/>\n<meta property=\"og:image\" content=\"http:\/\/globtalents.com\/wp-content\/uploads\/2024\/01\/globtalents.jpg\" \/>\n<meta name=\"twitter:card\" content=\"summary_large_image\" \/>\n<meta name=\"twitter:label1\" content=\"Tiempo de lectura\" \/>\n\t<meta name=\"twitter:data1\" content=\"1 minuto\" \/>\n<script type=\"application\/ld+json\" class=\"yoast-schema-graph\">{\"@context\":\"https:\/\/schema.org\",\"@graph\":[{\"@type\":\"WebPage\",\"@id\":\"https:\/\/globtalents.com\/about\/\",\"url\":\"https:\/\/globtalents.com\/about\/\",\"name\":\"About &#8212; GlobTalents\",\"isPartOf\":{\"@id\":\"https:\/\/globtalents.com\/#website\"},\"primaryImageOfPage\":{\"@id\":\"https:\/\/globtalents.com\/about\/#primaryimage\"},\"image\":{\"@id\":\"https:\/\/globtalents.com\/about\/#primaryimage\"},\"thumbnailUrl\":\"http:\/\/globtalents.com\/wp-content\/uploads\/2024\/01\/globtalents.jpg\",\"datePublished\":\"2023-11-10T08:17:17+00:00\",\"dateModified\":\"2024-01-20T04:43:02+00:00\",\"breadcrumb\":{\"@id\":\"https:\/\/globtalents.com\/about\/#breadcrumb\"},\"inLanguage\":\"es\",\"potentialAction\":[{\"@type\":\"ReadAction\",\"target\":[\"https:\/\/globtalents.com\/about\/\"]}]},{\"@type\":\"ImageObject\",\"inLanguage\":\"es\",\"@id\":\"https:\/\/globtalents.com\/about\/#primaryimage\",\"url\":\"http:\/\/globtalents.com\/wp-content\/uploads\/2024\/01\/globtalents.jpg\",\"contentUrl\":\"http:\/\/globtalents.com\/wp-content\/uploads\/2024\/01\/globtalents.jpg\"},{\"@type\":\"BreadcrumbList\",\"@id\":\"https:\/\/globtalents.com\/about\/#breadcrumb\",\"itemListElement\":[{\"@type\":\"ListItem\",\"position\":1,\"name\":\"Home\",\"item\":\"https:\/\/globtalents.com\/\"},{\"@type\":\"ListItem\",\"position\":2,\"name\":\"About\"}]},{\"@type\":\"WebSite\",\"@id\":\"https:\/\/globtalents.com\/#website\",\"url\":\"https:\/\/globtalents.com\/\",\"name\":\"GlobTalents\",\"description\":\"We create global impact\",\"publisher\":{\"@id\":\"https:\/\/globtalents.com\/#organization\"},\"potentialAction\":[{\"@type\":\"SearchAction\",\"target\":{\"@type\":\"EntryPoint\",\"urlTemplate\":\"https:\/\/globtalents.com\/?s={search_term_string}\"},\"query-input\":\"required name=search_term_string\"}],\"inLanguage\":\"es\"},{\"@type\":\"Organization\",\"@id\":\"https:\/\/globtalents.com\/#organization\",\"name\":\"GlobTalents\",\"url\":\"https:\/\/globtalents.com\/\",\"logo\":{\"@type\":\"ImageObject\",\"inLanguage\":\"es\",\"@id\":\"https:\/\/globtalents.com\/#\/schema\/logo\/image\/\",\"url\":\"http:\/\/globtalents.com\/wp-content\/uploads\/2024\/01\/aaaa.jpg\",\"contentUrl\":\"http:\/\/globtalents.com\/wp-content\/uploads\/2024\/01\/aaaa.jpg\",\"width\":2000,\"height\":2000,\"caption\":\"GlobTalents\"},\"image\":{\"@id\":\"https:\/\/globtalents.com\/#\/schema\/logo\/image\/\"}}]}<\/script>\n<!-- \/ Yoast SEO Premium plugin. -->","yoast_head_json":{"title":"About &#8212; GlobTalents","robots":{"index":"index","follow":"follow","max-snippet":"max-snippet:-1","max-image-preview":"max-image-preview:large","max-video-preview":"max-video-preview:-1"},"canonical":"https:\/\/globtalents.com\/es\/about\/","og_locale":"es_ES","og_type":"article","og_title":"About &#8212; GlobTalents","og_description":"Building global success.","og_url":"https:\/\/globtalents.com\/es\/about\/","og_site_name":"GlobTalents","article_modified_time":"2024-01-20T04:43:02+00:00","og_image":[{"url":"http:\/\/globtalents.com\/wp-content\/uploads\/2024\/01\/globtalents.jpg"}],"twitter_card":"summary_large_image","twitter_misc":{"Tiempo de lectura":"1 minuto"},"schema":{"@context":"https:\/\/schema.org","@graph":[{"@type":"WebPage","@id":"https:\/\/globtalents.com\/about\/","url":"https:\/\/globtalents.com\/about\/","name":"About &#8212; GlobTalents","isPartOf":{"@id":"https:\/\/globtalents.com\/#website"},"primaryImageOfPage":{"@id":"https:\/\/globtalents.com\/about\/#primaryimage"},"image":{"@id":"https:\/\/globtalents.com\/about\/#primaryimage"},"thumbnailUrl":"http:\/\/globtalents.com\/wp-content\/uploads\/2024\/01\/globtalents.jpg","datePublished":"2023-11-10T08:17:17+00:00","dateModified":"2024-01-20T04:43:02+00:00","breadcrumb":{"@id":"https:\/\/globtalents.com\/about\/#breadcrumb"},"inLanguage":"es","potentialAction":[{"@type":"ReadAction","target":["https:\/\/globtalents.com\/about\/"]}]},{"@type":"ImageObject","inLanguage":"es","@id":"https:\/\/globtalents.com\/about\/#primaryimage","url":"http:\/\/globtalents.com\/wp-content\/uploads\/2024\/01\/globtalents.jpg","contentUrl":"http:\/\/globtalents.com\/wp-content\/uploads\/2024\/01\/globtalents.jpg"},{"@type":"BreadcrumbList","@id":"https:\/\/globtalents.com\/about\/#breadcrumb","itemListElement":[{"@type":"ListItem","position":1,"name":"Home","item":"https:\/\/globtalents.com\/"},{"@type":"ListItem","position":2,"name":"About"}]},{"@type":"WebSite","@id":"https:\/\/globtalents.com\/#website","url":"https:\/\/globtalents.com\/","name":"GlobTalents","description":"We create global impact","publisher":{"@id":"https:\/\/globtalents.com\/#organization"},"potentialAction":[{"@type":"SearchAction","target":{"@type":"EntryPoint","urlTemplate":"https:\/\/globtalents.com\/?s={search_term_string}"},"query-input":"required name=search_term_string"}],"inLanguage":"es"},{"@type":"Organization","@id":"https:\/\/globtalents.com\/#organization","name":"GlobTalents","url":"https:\/\/globtalents.com\/","logo":{"@type":"ImageObject","inLanguage":"es","@id":"https:\/\/globtalents.com\/#\/schema\/logo\/image\/","url":"http:\/\/globtalents.com\/wp-content\/uploads\/2024\/01\/aaaa.jpg","contentUrl":"http:\/\/globtalents.com\/wp-content\/uploads\/2024\/01\/aaaa.jpg","width":2000,"height":2000,"caption":"GlobTalents"},"image":{"@id":"https:\/\/globtalents.com\/#\/schema\/logo\/image\/"}}]}},"_links":{"self":[{"href":"https:\/\/globtalents.com\/es\/wp-json\/wp\/v2\/pages\/1467","targetHints":{"allow":["GET"]}}],"collection":[{"href":"https:\/\/globtalents.com\/es\/wp-json\/wp\/v2\/pages"}],"about":[{"href":"https:\/\/globtalents.com\/es\/wp-json\/wp\/v2\/types\/page"}],"author":[{"embeddable":true,"href":"https:\/\/globtalents.com\/es\/wp-json\/wp\/v2\/users\/1"}],"replies":[{"embeddable":true,"href":"https:\/\/globtalents.com\/es\/wp-json\/wp\/v2\/comments?post=1467"}],"version-history":[{"count":15,"href":"https:\/\/globtalents.com\/es\/wp-json\/wp\/v2\/pages\/1467\/revisions"}],"predecessor-version":[{"id":987870,"href":"https:\/\/globtalents.com\/es\/wp-json\/wp\/v2\/pages\/1467\/revisions\/987870"}],"wp:attachment":[{"href":"https:\/\/globtalents.com\/es\/wp-json\/wp\/v2\/media?parent=1467"}],"curies":[{"name":"wp","href":"https:\/\/api.w.org\/{rel}","templated":true}]}}